{"id":4518,"date":"2026-02-04T19:47:43","date_gmt":"2026-02-04T16:47:43","guid":{"rendered":"https:\/\/blackgreen.com.tr\/en\/?page_id=4518"},"modified":"2026-02-05T10:37:41","modified_gmt":"2026-02-05T07:37:41","slug":"information-society-services","status":"publish","type":"page","link":"https:\/\/blackgreen.com.tr\/en\/information-society-services\/","title":{"rendered":"Information Society Services"},"content":{"rendered":"\t\t<div data-elementor-type=\"wp-page\" data-elementor-id=\"4518\" class=\"elementor elementor-4518\">\n\t\t\t\t\t\t<section class=\"elementor-section elementor-top-section elementor-element elementor-element-1427695c elementor-reverse-tablet elementor-reverse-mobile elementor-hidden-desktop elementor-hidden-tablet elementor-hidden-mobile elementor-section-boxed elementor-section-height-default elementor-section-height-default\" data-id=\"1427695c\" data-element_type=\"section\">\n\t\t\t\t\t\t<div class=\"elementor-container elementor-column-gap-default\">\n\t\t\t\t\t<div class=\"elementor-column elementor-col-100 elementor-top-column elementor-element elementor-element-663d279b\" data-id=\"663d279b\" data-element_type=\"column\">\n\t\t\t<div class=\"elementor-widget-wrap elementor-element-populated\">\n\t\t\t\t\t\t<div class=\"elementor-element elementor-element-404c6193 elementor-widget elementor-widget-elementskit-simple-tab\" data-id=\"404c6193\" data-element_type=\"widget\" data-widget_type=\"elementskit-simple-tab.default\">\n\t\t\t\t<div class=\"elementor-widget-container\">\n\t\t\t<div class=\"ekit-wid-con\" >        <div class=\"elementkit-tab-wraper  \">\n            <ul class=\"nav nav-tabs elementkit-tab-nav  elementskit-fullwidth-tab\">\n                                    <li class=\"elementkit-nav-item elementor-repeater-item-deb8dae\">\n                        <a class=\"elementkit-nav-link  active show left-pos\" id=\"content-deb8dae69f43b05ca757-tab\" data-ekit-handler-id=\"blackgreen\" data-ekit-toggle=\"tab\" data-target=\"#content-deb8dae69f43b05ca757\" href=\"#Content-deb8dae69f43b05ca757\"\n                            data-ekit-toggle-trigger=\"click\"\n                            aria-describedby=\"Content-deb8dae69f43b05ca757\">\n                            <span class=\"far fa-gem elementskit-tab-icon\"><\/span>                            <span class=\"elementskit-tab-title\"> BLACKGREEN<\/span>\n                        <\/a>\n                    <\/li>\n                                        <li class=\"elementkit-nav-item elementor-repeater-item-fbd08c9\">\n                        <a class=\"elementkit-nav-link  left-pos\" id=\"content-fbd08c969f43b05ca757-tab\" data-ekit-handler-id=\"-erkay\" data-ekit-toggle=\"tab\" data-target=\"#content-fbd08c969f43b05ca757\" href=\"#Content-fbd08c969f43b05ca757\"\n                            data-ekit-toggle-trigger=\"click\"\n                            aria-describedby=\"Content-fbd08c969f43b05ca757\">\n                            <span class=\"far fa-gem elementskit-tab-icon\"><\/span>                            <span class=\"elementskit-tab-title\">  ERKAY<\/span>\n                        <\/a>\n                    <\/li>\n                                        <li class=\"elementkit-nav-item elementor-repeater-item-f3daa44\">\n                        <a class=\"elementkit-nav-link  left-pos\" id=\"content-f3daa4469f43b05ca757-tab\" data-ekit-handler-id=\"bg\" data-ekit-toggle=\"tab\" data-target=\"#content-f3daa4469f43b05ca757\" href=\"#Content-f3daa4469f43b05ca757\"\n                            data-ekit-toggle-trigger=\"click\"\n                            aria-describedby=\"Content-f3daa4469f43b05ca757\">\n                            <span class=\"far fa-gem elementskit-tab-icon\"><\/span>                            <span class=\"elementskit-tab-title\"> BG<\/span>\n                        <\/a>\n                    <\/li>\n                                <\/ul>\n\n            <div class=\"tab-content elementkit-tab-content\">\n                                    <div class=\"tab-pane elementkit-tab-pane elementor-repeater-item-deb8dae  active show\" id=\"content-deb8dae69f43b05ca757\" role=\"tabpanel\"\n                         aria-labelledby=\"content-deb8dae69f43b05ca757-tab\">\n                        <div class=\"animated fadeIn\">\n                            <table style=\"width:100%; border-collapse:collapse; text-align:left; font-family: Arial, sans-serif;\">\n  <tr style=\"background:#0f5c78; color:#fff;\">\n    <th colspan=\"2\" style=\"padding:10px;\">BLACKGREEN<\/th>\n  <\/tr>\n\n  <tr>\n    <td style=\"background:#1f6f8b; color:#fff; padding:8px; width:30%;\">MERSIS No<\/td>\n    <td style=\"padding:8px;\">178073745700011<\/td>\n  <\/tr>\n\n  <tr>\n    <td style=\"background:#1f6f8b; color:#fff; padding:8px;\">Trade Name<\/td>\n    <td style=\"padding:8px;\">\n      BLACKGREEN METAL TEKNOLOJ\u0130LER\u0130 \u00dcRET\u0130M VE T\u0130CARET ANON\u0130M \u015e\u0130RKET\u0130\n    <\/td>\n  <\/tr>\n\n  <tr>\n    <td style=\"background:#1f6f8b; color:#fff; padding:8px;\">Headquarters Address<\/td>\n    <td style=\"padding:8px;\">\n      Karadeniz Mah. Eski Edirne Asfalti Cad. J Blok Sit. Venezia Apt.\n      No:408 J\/26 Gaziosmanpasa \/ Istanbul\n    <\/td>\n  <\/tr>\n\n  <tr style=\"background:#fff200; font-weight:bold;\">\n    <td style=\"padding:8px;\">Capital<\/td>\n    <td style=\"padding:8px;\">500,000.00 TRY (Fully Paid-in)<\/td>\n  <\/tr>\n\n  <tr>\n    <td style=\"background:#1f6f8b; color:#fff; padding:8px;\">Management<\/td>\n    <td style=\"padding:8px;\">\n      Hasan G\u00fcrsoy \u2013 Chairman of the Board<br>\n      H\u00fcseyin Budak \u2013 Vice Chairman of the Board\n    <\/td>\n  <\/tr>\n\n  <tr style=\"background:#fff200;\">\n    <td style=\"padding:8px; font-weight:bold;\">Auditor<\/td>\n    <td style=\"padding:8px;\">\n      <strong>Vizyon Grup Ba\u011f\u0131ms\u0131z Denetim A.\u015e.<\/strong><br>\n      K\u0131s\u0131kl\u0131 Mah. Bosna Bul. No:31 Interior Door No:2 Uskudar \/ Istanbul\n    <\/td>\n  <\/tr>\n<\/table>                        <\/div>\n                    <\/div>\n                                    <div class=\"tab-pane elementkit-tab-pane elementor-repeater-item-fbd08c9 \" id=\"content-fbd08c969f43b05ca757\" role=\"tabpanel\"\n                         aria-labelledby=\"content-fbd08c969f43b05ca757-tab\">\n                        <div class=\"animated fadeIn\">\n                            <table style=\"width:100%; border-collapse:collapse; text-align:left; font-family: Arial, sans-serif; margin-bottom: 20px;\">\n  <tr style=\"background:#0f5c78; color:#fff;\">\n    <th colspan=\"2\" style=\"padding:10px;\">ERKAY<\/th>\n  <\/tr>\n\n  <tr>\n    <td style=\"background:#1f6f8b; color:#fff; padding:8px; width:30%;\">MERSIS No<\/td>\n    <td style=\"padding:8px;\">361029336200016<\/td>\n  <\/tr>\n\n  <tr>\n    <td style=\"background:#1f6f8b; color:#fff; padding:8px;\">Trade Name<\/td>\n    <td style=\"padding:8px;\">\n      ERKAY MADEN GIDA SANAY\u0130 VE T\u0130CARET ANON\u0130M \u015e\u0130RKET\u0130\n    <\/td>\n  <\/tr>\n\n  <tr>\n    <td style=\"background:#1f6f8b; color:#fff; padding:8px;\">Headquarters Address<\/td>\n    <td style=\"padding:8px;\">\n      Karadeniz Mah. Eski Edirne Asfalti Cad. Venezia Evleri Sit.\n      J Blok Apt. No:408 J\/26 Gaziosmanpasa \/ Istanbul\n    <\/td>\n  <\/tr>\n\n  <tr style=\"background:#fff200; font-weight:bold;\">\n    <td style=\"padding:8px;\">Capital<\/td>\n    <td style=\"padding:8px;\">9,500,000.00 TRY (Fully Paid-in)<\/td>\n  <\/tr>\n\n  <tr>\n    <td style=\"background:#1f6f8b; color:#fff; padding:8px;\">Management<\/td>\n    <td style=\"padding:8px;\">\n      Hasan G\u00fcrsoy \u2013 Chairman of the Board<br>\n      H\u00fcseyin Budak \u2013 Vice Chairman of the Board\n    <\/td>\n  <\/tr>\n\n  <tr style=\"background:#fff200;\">\n    <td style=\"padding:8px; font-weight:bold;\">Auditor<\/td>\n    <td style=\"padding:8px;\">\n      <strong>Vizyon Grup Ba\u011f\u0131ms\u0131z Denetim A.\u015e.<\/strong><br>\n      K\u0131s\u0131kl\u0131 Mah. Bosna Bul. No:31 Interior Door No:2 Uskudar \/ Istanbul\n    <\/td>\n  <\/tr>\n<\/table>                        <\/div>\n                    <\/div>\n                                    <div class=\"tab-pane elementkit-tab-pane elementor-repeater-item-f3daa44 \" id=\"content-f3daa4469f43b05ca757\" role=\"tabpanel\"\n                         aria-labelledby=\"content-f3daa4469f43b05ca757-tab\">\n                        <div class=\"animated fadeIn\">\n                            <table style=\"width:100%; border-collapse:collapse; text-align:left; font-family: Arial, sans-serif;\">\n  <tr style=\"background:#0f5c78; color:#fff;\">\n    <th colspan=\"2\" style=\"padding:10px;\">BG<\/th>\n  <\/tr>\n\n  <tr>\n    <td style=\"background:#1f6f8b; color:#fff; padding:8px; width:30%;\">MERSIS No<\/td>\n    <td style=\"padding:8px;\">168111879700001<\/td>\n  <\/tr>\n\n  <tr>\n    <td style=\"background:#1f6f8b; color:#fff; padding:8px;\">Trade Name<\/td>\n    <td style=\"padding:8px;\">\n      BG MADEN SANAY\u0130 VE T\u0130CARET ANON\u0130M \u015e\u0130RKET\u0130\n    <\/td>\n  <\/tr>\n\n  <tr>\n    <td style=\"background:#1f6f8b; color:#fff; padding:8px;\">Headquarters Address<\/td>\n    <td style=\"padding:8px;\">\n      Karadeniz Mah. Eski Edirne Asfalti Cad. Venezia Evleri Sit.\n      J Blok Apt. No:408 J\/95 Gaziosmanpasa \/ Istanbul\n    <\/td>\n  <\/tr>\n\n  <tr style=\"background:#fff200; font-weight:bold;\">\n    <td style=\"padding:8px;\">Capital<\/td>\n    <td style=\"padding:8px;\">4,000,000.00 TRY (Fully Paid-in)<\/td>\n  <\/tr>\n\n  <tr>\n    <td style=\"background:#1f6f8b; color:#fff; padding:8px;\">Management<\/td>\n    <td style=\"padding:8px;\">\n      Hasan G\u00fcrsoy \u2013 Chairman of the Board<br>\n      H\u00fcseyin Budak \u2013 Vice Chairman of the Board\n    <\/td>\n  <\/tr>\n\n  <tr style=\"background:#fff200;\">\n    <td style=\"padding:8px; font-weight:bold;\">Auditor<\/td>\n    <td style=\"padding:8px;\">\n      <strong>Vizyon Grup Ba\u011f\u0131ms\u0131z Denetim A.\u015e.<\/strong><br>\n      K\u0131s\u0131kl\u0131 Mah. Bosna Bul. No:31 Interior Door No:2 Uskudar \/ Istanbul\n    <\/td>\n  <\/tr>\n<\/table>                        <\/div>\n                    <\/div>\n                            <\/div>\n        <\/div>\n    <\/div>\t\t<\/div>\n\t\t\t\t<\/div>\n\t\t\t\t\t<\/div>\n\t\t<\/div>\n\t\t\t\t\t<\/div>\n\t\t<\/section>\n\t\t\t\t<section class=\"elementor-section elementor-top-section elementor-element elementor-element-4d7a02b8 elementor-section-boxed elementor-section-height-default elementor-section-height-default\" data-id=\"4d7a02b8\" data-element_type=\"section\">\n\t\t\t\t\t\t<div class=\"elementor-container elementor-column-gap-default\">\n\t\t\t\t\t<div class=\"elementor-column elementor-col-100 elementor-top-column elementor-element elementor-element-400a8ed7\" data-id=\"400a8ed7\" data-element_type=\"column\">\n\t\t\t<div class=\"elementor-widget-wrap elementor-element-populated\">\n\t\t\t\t\t\t<div class=\"elementor-element elementor-element-4b67ce01 elementor-widget elementor-widget-elementskit-simple-tab\" data-id=\"4b67ce01\" data-element_type=\"widget\" data-widget_type=\"elementskit-simple-tab.default\">\n\t\t\t\t<div class=\"elementor-widget-container\">\n\t\t\t<div class=\"ekit-wid-con\" >        <div class=\"elementkit-tab-wraper  \">\n            <ul class=\"nav nav-tabs elementkit-tab-nav  elementskit-fullwidth-tab\">\n                                    <li class=\"elementkit-nav-item elementor-repeater-item-e2bf293\">\n                        <a class=\"elementkit-nav-link  active show left-pos\" id=\"content-e2bf29369f43b05dcdee-tab\" data-ekit-handler-id=\"company\" data-ekit-toggle=\"tab\" data-target=\"#content-e2bf29369f43b05dcdee\" href=\"#Content-e2bf29369f43b05dcdee\"\n                            data-ekit-toggle-trigger=\"click\"\n                            aria-describedby=\"Content-e2bf29369f43b05dcdee\">\n                            <span class=\"fas fa-building elementskit-tab-icon\"><\/span>                            <span class=\"elementskit-tab-title\"> Company<\/span>\n                        <\/a>\n                    <\/li>\n                                        <li class=\"elementkit-nav-item elementor-repeater-item-fbd08c9\">\n                        <a class=\"elementkit-nav-link  left-pos\" id=\"content-fbd08c969f43b05dcdee-tab\" data-ekit-handler-id=\"board-of-directors\" data-ekit-toggle=\"tab\" data-target=\"#content-fbd08c969f43b05dcdee\" href=\"#Content-fbd08c969f43b05dcdee\"\n                            data-ekit-toggle-trigger=\"click\"\n                            aria-describedby=\"Content-fbd08c969f43b05dcdee\">\n                            <span class=\"fas fa-user-friends elementskit-tab-icon\"><\/span>                            <span class=\"elementskit-tab-title\"> Board of Directors<\/span>\n                        <\/a>\n                    <\/li>\n                                        <li class=\"elementkit-nav-item elementor-repeater-item-f3daa44\">\n                        <a class=\"elementkit-nav-link  left-pos\" id=\"content-f3daa4469f43b05dcdee-tab\" data-ekit-handler-id=\"auditor\" data-ekit-toggle=\"tab\" data-target=\"#content-f3daa4469f43b05dcdee\" href=\"#Content-f3daa4469f43b05dcdee\"\n                            data-ekit-toggle-trigger=\"click\"\n                            aria-describedby=\"Content-f3daa4469f43b05dcdee\">\n                            <span class=\"jki jki-checkmark-light elementskit-tab-icon\"><\/span>                            <span class=\"elementskit-tab-title\"> Auditor<\/span>\n                        <\/a>\n                    <\/li>\n                                <\/ul>\n\n            <div class=\"tab-content elementkit-tab-content\">\n                                    <div class=\"tab-pane elementkit-tab-pane elementor-repeater-item-e2bf293  active show\" id=\"content-e2bf29369f43b05dcdee\" role=\"tabpanel\"\n                         aria-labelledby=\"content-e2bf29369f43b05dcdee-tab\">\n                        <div class=\"animated fadeIn\">\n                            <table border=\"1\" style=\"border-collapse: collapse; width: 100%; font-family: Arial, sans-serif; background-color: #f2f2f2;\">\n  <tr>\n    <th style=\"padding: 12px; text-align: center; font-weight: bold; width: 35%; border: 1px solid #ccc;\">\n      MERSIS Number\n    <\/th>\n    <td style=\"padding: 12px; text-align: center; font-weight: normal; border: 1px solid #ccc;\">\n      178073745700011\n    <\/td>\n  <\/tr>\n  <tr>\n    <th style=\"padding: 12px; text-align: center; font-weight: bold; border: 1px solid #ccc;\">\n      Trade Name\n    <\/th>\n    <td style=\"padding: 12px; text-align: center; font-weight: normal; border: 1px solid #ccc;\">\n      BLACKGREEN METAL TEKNOLOJ\u0130LER\u0130 \u00dcRET\u0130M VE T\u0130CARET ANON\u0130M \u015e\u0130RKET\u0130\n    <\/td>\n  <\/tr>\n  <tr>\n    <th style=\"padding: 12px; text-align: center; font-weight: bold; border: 1px solid #ccc;\">\n      Address\n    <\/th>\n    <td style=\"padding: 12px; text-align: center; font-weight: normal; border: 1px solid #ccc;\">\n      Karadeniz Mahallesi Eski Edirne Asfalt\u0131 Caddesi J Blok Sit. Venezia Apt. No: 408 J\/26 Gaziosmanpa\u015fa\/\u0130stanbul\n    <\/td>\n  <\/tr>\n  <tr>\n    <th style=\"padding: 12px; text-align: center; font-weight: bold; border: 1px solid #ccc;\">\n      Committed and Paid-in Capital Amount\n    <\/th>\n    <td style=\"padding: 12px; text-align: center; font-weight: normal; border: 1px solid #ccc;\">\n      500,000.00-TL\n    <\/td>\n  <\/tr>\n<\/table>                        <\/div>\n                    <\/div>\n                                    <div class=\"tab-pane elementkit-tab-pane elementor-repeater-item-fbd08c9 \" id=\"content-fbd08c969f43b05dcdee\" role=\"tabpanel\"\n                         aria-labelledby=\"content-fbd08c969f43b05dcdee-tab\">\n                        <div class=\"animated fadeIn\">\n                            <table border=\"1\" style=\"border-collapse: collapse; width: 100%; font-family: Arial, sans-serif; background-color: #f2f2f2;\">\n  <tr>\n    <th style=\"padding: 12px; text-align: center; font-weight: bold; width: 35%; border: 1px solid #ccc;\">\n      Chairman of the Board\n    <\/th>\n    <td style=\"padding: 12px; text-align: center; font-weight: normal; border: 1px solid #ccc;\">\n      Hasan G\u00dcRSOY\n    <\/td>\n  <\/tr>\n  <tr>\n    <th style=\"padding: 12px; text-align: center; font-weight: bold; border: 1px solid #ccc;\">\n      Vice Chairman of the Board\n    <\/th>\n    <td style=\"padding: 12px; text-align: center; font-weight: normal; border: 1px solid #ccc;\">\n      H\u00fcseyin BUDAK\n    <\/td>\n  <\/tr>\n<\/table>                        <\/div>\n                    <\/div>\n                                    <div class=\"tab-pane elementkit-tab-pane elementor-repeater-item-f3daa44 \" id=\"content-f3daa4469f43b05dcdee\" role=\"tabpanel\"\n                         aria-labelledby=\"content-f3daa4469f43b05dcdee-tab\">\n                        <div class=\"animated fadeIn\">\n                            <table border=\"1\" style=\"border-collapse: collapse; width: 100%; font-family: Arial, sans-serif; background-color: #f2f2f2;\">\n  <tr>\n    <th style=\"padding: 12px; text-align: center; font-weight: bold; width: 35%; border: 1px solid #ccc;\">\n      Trade Name\n    <\/th>\n    <td style=\"padding: 12px; text-align: center; font-weight: normal; border: 1px solid #ccc;\">\n      V\u0130ZYON GRUP BA\u011eIMSIZ DENET\u0130M A.\u015e.\n    <\/td>\n  <\/tr>\n  <tr>\n    <th style=\"padding: 12px; text-align: center; font-weight: bold; border: 1px solid #ccc;\">\n      Address\n    <\/th>\n    <td style=\"padding: 12px; text-align: center; font-weight: normal; border: 1px solid #ccc;\">\n      K\u0131s\u0131kl\u0131 Mah. Bosna Bulvar\u0131. N:31 \u0130\u00e7 Kap\u0131 No:2 \u00dcsk\u00fcdar\/\u0130stanbul\n    <\/td>\n  <\/tr>\n<\/table>                        <\/div>\n                    <\/div>\n                            <\/div>\n        <\/div>\n    <\/div>\t\t<\/div>\n\t\t\t\t<\/div>\n\t\t\t\t\t<\/div>\n\t\t<\/div>\n\t\t\t\t\t<\/div>\n\t\t<\/section>\n\t\t\t\t<\/div>\n\t\t","protected":false},"excerpt":{"rendered":"<p>BLACKGREEN ERKAY BG BLACKGREEN MERSIS No 178073745700011 Trade Name BLACKGREEN METAL TEKNOLOJ\u0130LER\u0130 \u00dcRET\u0130M VE T\u0130CARET ANON\u0130M \u015e\u0130RKET\u0130 Headquarters Address Karadeniz Mah. Eski Edirne Asfalti Cad. J Blok Sit. Venezia Apt.&hellip;<\/p>\n","protected":false},"author":2,"featured_media":0,"parent":0,"menu_order":0,"comment_status":"closed","ping_status":"closed","template":"elementor_header_footer","meta":{"ngg_post_thumbnail":0,"footnotes":""},"class_list":["post-4518","page","type-page","status-publish","hentry","no-thumb"],"_links":{"self":[{"href":"https:\/\/blackgreen.com.tr\/en\/wp-json\/wp\/v2\/pages\/4518","targetHints":{"allow":["GET"]}}],"collection":[{"href":"https:\/\/blackgreen.com.tr\/en\/wp-json\/wp\/v2\/pages"}],"about":[{"href":"https:\/\/blackgreen.com.tr\/en\/wp-json\/wp\/v2\/types\/page"}],"author":[{"embeddable":true,"href":"https:\/\/blackgreen.com.tr\/en\/wp-json\/wp\/v2\/users\/2"}],"replies":[{"embeddable":true,"href":"https:\/\/blackgreen.com.tr\/en\/wp-json\/wp\/v2\/comments?post=4518"}],"version-history":[{"count":13,"href":"https:\/\/blackgreen.com.tr\/en\/wp-json\/wp\/v2\/pages\/4518\/revisions"}],"predecessor-version":[{"id":4545,"href":"https:\/\/blackgreen.com.tr\/en\/wp-json\/wp\/v2\/pages\/4518\/revisions\/4545"}],"wp:attachment":[{"href":"https:\/\/blackgreen.com.tr\/en\/wp-json\/wp\/v2\/media?parent=4518"}],"curies":[{"name":"wp","href":"https:\/\/api.w.org\/{rel}","templated":true}]}}